{"id":2406,"date":"2025-04-16T23:48:25","date_gmt":"2025-04-16T23:48:25","guid":{"rendered":"https:\/\/mandalaquimbaya.org\/?page_id=2406"},"modified":"2025-04-17T00:05:55","modified_gmt":"2025-04-17T00:05:55","slug":"terminos-y-condiciones-de-uso","status":"publish","type":"page","link":"https:\/\/mandalaquimbaya.org\/index.php\/terminos-y-condiciones-de-uso\/","title":{"rendered":"T\u00e9rminos y condiciones de uso"},"content":{"rendered":"\t\t<div data-elementor-type=\"wp-page\" data-elementor-id=\"2406\" class=\"elementor elementor-2406\" data-elementor-post-type=\"page\">\n\t\t\t\t<div class=\"elementor-element elementor-element-c01fa5e e-flex e-con-boxed e-con e-parent\" data-id=\"c01fa5e\" data-element_type=\"container\">\n\t\t\t\t\t<div class=\"e-con-inner\">\n\t\t<div class=\"elementor-element elementor-element-2c33849 e-con-full e-flex e-con e-child\" data-id=\"2c33849\" data-element_type=\"container\">\n\t\t\t\t<div class=\"elementor-element elementor-element-ca7e7a4 elementor-widget elementor-widget-heading\" data-id=\"ca7e7a4\" data-element_type=\"widget\" data-widget_type=\"heading.default\">\n\t\t\t\t<div class=\"elementor-widget-container\">\n\t\t\t\t\t<h2 class=\"elementor-heading-title elementor-size-default\">T\u00c9RMINOS Y CONDICIONES DE USO<\/h2>\t\t\t\t<\/div>\n\t\t\t\t<\/div>\n\t\t\t\t<div class=\"elementor-element elementor-element-5b8a7cf elementor-widget elementor-widget-text-editor\" data-id=\"5b8a7cf\" data-element_type=\"widget\" data-widget_type=\"text-editor.default\">\n\t\t\t\t<div class=\"elementor-widget-container\">\n\t\t\t\t\t\t\t\t\t<p><strong>Fecha de entrada en vigencia:<\/strong> Abril 2025<\/p><p>Este documento regula el acceso y uso del sitio web de la <strong>Corporaci\u00f3n Mandala Quimbaya<\/strong> (en adelante, \u201cla Corporaci\u00f3n\u201d), entidad sin \u00e1nimo de lucro con NIT 900.666.661-1, domiciliada en Quimbaya, Quind\u00edo, Colombia. Al acceder a este sitio web y utilizar cualquiera de sus contenidos, productos o servicios, usted acepta plenamente estos T\u00e9rminos y Condiciones.<\/p>\t\t\t\t\t\t\t\t<\/div>\n\t\t\t\t<\/div>\n\t\t\t\t<\/div>\n\t\t<div class=\"elementor-element elementor-element-1c739de e-con-full e-flex e-con e-child\" data-id=\"1c739de\" data-element_type=\"container\">\n\t\t\t\t<div class=\"elementor-element elementor-element-5ad007e elementor-widget elementor-widget-image\" data-id=\"5ad007e\" data-element_type=\"widget\" data-widget_type=\"image.default\">\n\t\t\t\t<div class=\"elementor-widget-container\">\n\t\t\t\t\t\t\t\t\t\t\t\t\t\t\t<img fetchpriority=\"high\" decoding=\"async\" width=\"351\" height=\"380\" src=\"https:\/\/mandalaquimbaya.org\/wp-content\/uploads\/2025\/04\/terminosRecurso-2.png\" class=\"attachment-full size-full wp-image-2421\" alt=\"\" srcset=\"https:\/\/mandalaquimbaya.org\/wp-content\/uploads\/2025\/04\/terminosRecurso-2.png 351w, https:\/\/mandalaquimbaya.org\/wp-content\/uploads\/2025\/04\/terminosRecurso-2-277x300.png 277w\" sizes=\"(max-width: 351px) 100vw, 351px\" \/>\t\t\t\t\t\t\t\t\t\t\t\t\t\t\t<\/div>\n\t\t\t\t<\/div>\n\t\t\t\t<\/div>\n\t\t\t\t\t<\/div>\n\t\t\t\t<\/div>\n\t\t<div class=\"elementor-element elementor-element-32fd99b e-flex e-con-boxed e-con e-parent\" data-id=\"32fd99b\" data-element_type=\"container\">\n\t\t\t\t\t<div class=\"e-con-inner\">\n\t\t\t\t<div class=\"elementor-element elementor-element-725985e elementor-widget elementor-widget-heading\" data-id=\"725985e\" data-element_type=\"widget\" data-widget_type=\"heading.default\">\n\t\t\t\t<div class=\"elementor-widget-container\">\n\t\t\t\t\t<h2 class=\"elementor-heading-title elementor-size-default\">1. Definiciones<\/h2>\t\t\t\t<\/div>\n\t\t\t\t<\/div>\n\t\t\t\t<div class=\"elementor-element elementor-element-a162821 elementor-widget elementor-widget-text-editor\" data-id=\"a162821\" data-element_type=\"widget\" data-widget_type=\"text-editor.default\">\n\t\t\t\t<div class=\"elementor-widget-container\">\n\t\t\t\t\t\t\t\t\t<ul><li><strong>Usuario<\/strong>: Toda persona que accede al sitio web.<br \/><strong>Donante<\/strong>: Persona natural o jur\u00eddica que realiza un aporte econ\u00f3mico o en especie.<br \/><strong>Contenido<\/strong>: Todo material, informaci\u00f3n o recurso publicado por la Corporaci\u00f3n, incluyendo textos, im\u00e1genes, videos, productos digitales y documentos.<\/li><li><strong>Producto digital<\/strong>: Archivos descargables, libros electr\u00f3nicos, cuadernos y cualquier recurso no f\u00edsico ofrecido por la Corporaci\u00f3n.<\/li><\/ul>\t\t\t\t\t\t\t\t<\/div>\n\t\t\t\t<\/div>\n\t\t\t\t<div class=\"elementor-element elementor-element-95c98ec elementor-widget-divider--view-line elementor-widget elementor-widget-divider\" data-id=\"95c98ec\" data-element_type=\"widget\" data-widget_type=\"divider.default\">\n\t\t\t\t<div class=\"elementor-widget-container\">\n\t\t\t\t\t\t\t<div class=\"elementor-divider\">\n\t\t\t<span class=\"elementor-divider-separator\">\n\t\t\t\t\t\t<\/span>\n\t\t<\/div>\n\t\t\t\t\t\t<\/div>\n\t\t\t\t<\/div>\n\t\t\t\t\t<\/div>\n\t\t\t\t<\/div>\n\t\t<div class=\"elementor-element elementor-element-c12714e e-flex e-con-boxed e-con e-parent\" data-id=\"c12714e\" data-element_type=\"container\">\n\t\t\t\t\t<div class=\"e-con-inner\">\n\t\t\t\t<div class=\"elementor-element elementor-element-999712c elementor-widget elementor-widget-heading\" data-id=\"999712c\" data-element_type=\"widget\" data-widget_type=\"heading.default\">\n\t\t\t\t<div class=\"elementor-widget-container\">\n\t\t\t\t\t<h2 class=\"elementor-heading-title elementor-size-default\">2. Objeto del sitio<\/h2>\t\t\t\t<\/div>\n\t\t\t\t<\/div>\n\t\t\t\t<div class=\"elementor-element elementor-element-5fa9211 elementor-widget elementor-widget-text-editor\" data-id=\"5fa9211\" data-element_type=\"widget\" data-widget_type=\"text-editor.default\">\n\t\t\t\t<div class=\"elementor-widget-container\">\n\t\t\t\t\t\t\t\t\t<p>El sitio tiene por finalidad divulgar informaci\u00f3n sobre la misi\u00f3n, actividades, productos y servicios de la Corporaci\u00f3n. Tambi\u00e9n permite la interacci\u00f3n con la comunidad, recepci\u00f3n de donaciones, inscripci\u00f3n a eventos y adquisici\u00f3n de productos digitales.<\/p>\t\t\t\t\t\t\t\t<\/div>\n\t\t\t\t<\/div>\n\t\t\t\t<div class=\"elementor-element elementor-element-27b7b62 elementor-widget-divider--view-line elementor-widget elementor-widget-divider\" data-id=\"27b7b62\" data-element_type=\"widget\" data-widget_type=\"divider.default\">\n\t\t\t\t<div class=\"elementor-widget-container\">\n\t\t\t\t\t\t\t<div class=\"elementor-divider\">\n\t\t\t<span class=\"elementor-divider-separator\">\n\t\t\t\t\t\t<\/span>\n\t\t<\/div>\n\t\t\t\t\t\t<\/div>\n\t\t\t\t<\/div>\n\t\t\t\t\t<\/div>\n\t\t\t\t<\/div>\n\t\t<div class=\"elementor-element elementor-element-7229a6a e-flex e-con-boxed e-con e-parent\" data-id=\"7229a6a\" data-element_type=\"container\">\n\t\t\t\t\t<div class=\"e-con-inner\">\n\t\t\t\t<div class=\"elementor-element elementor-element-cdc3149 elementor-widget elementor-widget-heading\" data-id=\"cdc3149\" data-element_type=\"widget\" data-widget_type=\"heading.default\">\n\t\t\t\t<div class=\"elementor-widget-container\">\n\t\t\t\t\t<h2 class=\"elementor-heading-title elementor-size-default\">3. Propiedad intelectual<\/h2>\t\t\t\t<\/div>\n\t\t\t\t<\/div>\n\t\t\t\t<div class=\"elementor-element elementor-element-bd29919 elementor-widget elementor-widget-text-editor\" data-id=\"bd29919\" data-element_type=\"widget\" data-widget_type=\"text-editor.default\">\n\t\t\t\t<div class=\"elementor-widget-container\">\n\t\t\t\t\t\t\t\t\t<p>Todos los contenidos publicados en este sitio son propiedad exclusiva de la Corporaci\u00f3n o de terceros licenciantes. Queda prohibida su reproducci\u00f3n total o parcial sin autorizaci\u00f3n escrita.<\/p>\t\t\t\t\t\t\t\t<\/div>\n\t\t\t\t<\/div>\n\t\t\t\t<div class=\"elementor-element elementor-element-44e8fec elementor-widget-divider--view-line elementor-widget elementor-widget-divider\" data-id=\"44e8fec\" data-element_type=\"widget\" data-widget_type=\"divider.default\">\n\t\t\t\t<div class=\"elementor-widget-container\">\n\t\t\t\t\t\t\t<div class=\"elementor-divider\">\n\t\t\t<span class=\"elementor-divider-separator\">\n\t\t\t\t\t\t<\/span>\n\t\t<\/div>\n\t\t\t\t\t\t<\/div>\n\t\t\t\t<\/div>\n\t\t\t\t\t<\/div>\n\t\t\t\t<\/div>\n\t\t<div class=\"elementor-element elementor-element-b6e33e2 e-flex e-con-boxed e-con e-parent\" data-id=\"b6e33e2\" data-element_type=\"container\">\n\t\t\t\t\t<div class=\"e-con-inner\">\n\t\t\t\t<div class=\"elementor-element elementor-element-0dbec06 elementor-widget elementor-widget-heading\" data-id=\"0dbec06\" data-element_type=\"widget\" data-widget_type=\"heading.default\">\n\t\t\t\t<div class=\"elementor-widget-container\">\n\t\t\t\t\t<h2 class=\"elementor-heading-title elementor-size-default\">4. Protecci\u00f3n de datos personales<\/h2>\t\t\t\t<\/div>\n\t\t\t\t<\/div>\n\t\t\t\t<div class=\"elementor-element elementor-element-1da3154 elementor-widget elementor-widget-text-editor\" data-id=\"1da3154\" data-element_type=\"widget\" data-widget_type=\"text-editor.default\">\n\t\t\t\t<div class=\"elementor-widget-container\">\n\t\t\t\t\t\t\t\t\t<p>El tratamiento de datos personales se rige por la Pol\u00edtica de Tratamiento de Datos. Al usar el sitio, el usuario autoriza expresamente el tratamiento de sus datos para fines institucionales, informativos, comerciales y de contacto, conforme a la Ley 1581 de 2012.\u00a0<\/p><p>Si el usuario es menor de edad, el tratamiento de sus datos requerir\u00e1 la autorizaci\u00f3n expresa de su representante legal.<\/p>\t\t\t\t\t\t\t\t<\/div>\n\t\t\t\t<\/div>\n\t\t\t\t<div class=\"elementor-element elementor-element-b127ffd elementor-widget-divider--view-line elementor-widget elementor-widget-divider\" data-id=\"b127ffd\" data-element_type=\"widget\" data-widget_type=\"divider.default\">\n\t\t\t\t<div class=\"elementor-widget-container\">\n\t\t\t\t\t\t\t<div class=\"elementor-divider\">\n\t\t\t<span class=\"elementor-divider-separator\">\n\t\t\t\t\t\t<\/span>\n\t\t<\/div>\n\t\t\t\t\t\t<\/div>\n\t\t\t\t<\/div>\n\t\t\t\t\t<\/div>\n\t\t\t\t<\/div>\n\t\t<div class=\"elementor-element elementor-element-b23f3cb e-flex e-con-boxed e-con e-parent\" data-id=\"b23f3cb\" data-element_type=\"container\">\n\t\t\t\t\t<div class=\"e-con-inner\">\n\t\t\t\t<div class=\"elementor-element elementor-element-80d2a5c elementor-widget elementor-widget-heading\" data-id=\"80d2a5c\" data-element_type=\"widget\" data-widget_type=\"heading.default\">\n\t\t\t\t<div class=\"elementor-widget-container\">\n\t\t\t\t\t<h2 class=\"elementor-heading-title elementor-size-default\">5. Donaciones y pagos<\/h2>\t\t\t\t<\/div>\n\t\t\t\t<\/div>\n\t\t\t\t<div class=\"elementor-element elementor-element-a021d9c elementor-widget elementor-widget-text-editor\" data-id=\"a021d9c\" data-element_type=\"widget\" data-widget_type=\"text-editor.default\">\n\t\t\t\t<div class=\"elementor-widget-container\">\n\t\t\t\t\t\t\t\t\t<p>Las donaciones y compras de productos digitales se entienden como actos voluntarios irrevocables, no reembolsables. El usuario es responsable de verificar su informaci\u00f3n antes de confirmar cualquier pago. Los recursos recaudados se destinan al cumplimiento de los fines sociales y educativos de la Corporaci\u00f3n.<\/p>\t\t\t\t\t\t\t\t<\/div>\n\t\t\t\t<\/div>\n\t\t\t\t<div class=\"elementor-element elementor-element-caf9831 elementor-widget-divider--view-line elementor-widget elementor-widget-divider\" data-id=\"caf9831\" data-element_type=\"widget\" data-widget_type=\"divider.default\">\n\t\t\t\t<div class=\"elementor-widget-container\">\n\t\t\t\t\t\t\t<div class=\"elementor-divider\">\n\t\t\t<span class=\"elementor-divider-separator\">\n\t\t\t\t\t\t<\/span>\n\t\t<\/div>\n\t\t\t\t\t\t<\/div>\n\t\t\t\t<\/div>\n\t\t\t\t\t<\/div>\n\t\t\t\t<\/div>\n\t\t<div class=\"elementor-element elementor-element-13b7066 e-flex e-con-boxed e-con e-parent\" data-id=\"13b7066\" data-element_type=\"container\">\n\t\t\t\t\t<div class=\"e-con-inner\">\n\t\t\t\t<div class=\"elementor-element elementor-element-11eb382 elementor-widget elementor-widget-heading\" data-id=\"11eb382\" data-element_type=\"widget\" data-widget_type=\"heading.default\">\n\t\t\t\t<div class=\"elementor-widget-container\">\n\t\t\t\t\t<h2 class=\"elementor-heading-title elementor-size-default\">6. Pol\u00edtica de devoluci\u00f3n para productos digitales<\/h2>\t\t\t\t<\/div>\n\t\t\t\t<\/div>\n\t\t\t\t<div class=\"elementor-element elementor-element-c81848b elementor-widget elementor-widget-text-editor\" data-id=\"c81848b\" data-element_type=\"widget\" data-widget_type=\"text-editor.default\">\n\t\t\t\t<div class=\"elementor-widget-container\">\n\t\t\t\t\t\t\t\t\t<p>Dado que los productos digitales se entregan de forma inmediata tras el pago, no se aceptan devoluciones ni reembolsos, salvo que el archivo est\u00e9 defectuoso o incompleto. En ese caso, el usuario podr\u00e1 solicitar un nuevo env\u00edo del producto.<\/p>\t\t\t\t\t\t\t\t<\/div>\n\t\t\t\t<\/div>\n\t\t\t\t<div class=\"elementor-element elementor-element-c9ab4e4 elementor-widget-divider--view-line elementor-widget elementor-widget-divider\" data-id=\"c9ab4e4\" data-element_type=\"widget\" data-widget_type=\"divider.default\">\n\t\t\t\t<div class=\"elementor-widget-container\">\n\t\t\t\t\t\t\t<div class=\"elementor-divider\">\n\t\t\t<span class=\"elementor-divider-separator\">\n\t\t\t\t\t\t<\/span>\n\t\t<\/div>\n\t\t\t\t\t\t<\/div>\n\t\t\t\t<\/div>\n\t\t\t\t\t<\/div>\n\t\t\t\t<\/div>\n\t\t<div class=\"elementor-element elementor-element-80a2cb1 e-flex e-con-boxed e-con e-parent\" data-id=\"80a2cb1\" data-element_type=\"container\">\n\t\t\t\t\t<div class=\"e-con-inner\">\n\t\t\t\t<div class=\"elementor-element elementor-element-50ad9d8 elementor-widget elementor-widget-heading\" data-id=\"50ad9d8\" data-element_type=\"widget\" data-widget_type=\"heading.default\">\n\t\t\t\t<div class=\"elementor-widget-container\">\n\t\t\t\t\t<h2 class=\"elementor-heading-title elementor-size-default\">7. Restricciones de uso<\/h2>\t\t\t\t<\/div>\n\t\t\t\t<\/div>\n\t\t\t\t<div class=\"elementor-element elementor-element-49e8bad elementor-widget elementor-widget-text-editor\" data-id=\"49e8bad\" data-element_type=\"widget\" data-widget_type=\"text-editor.default\">\n\t\t\t\t<div class=\"elementor-widget-container\">\n\t\t\t\t\t\t\t\t\t<p>El sitio no podr\u00e1 ser usado para fines ilegales o para transmitir contenido que infrinja derechos de terceros. No est\u00e1 permitido utilizar el nombre de la Corporaci\u00f3n sin autorizaci\u00f3n.<\/p>\t\t\t\t\t\t\t\t<\/div>\n\t\t\t\t<\/div>\n\t\t\t\t<div class=\"elementor-element elementor-element-4b3fac8 elementor-widget-divider--view-line elementor-widget elementor-widget-divider\" data-id=\"4b3fac8\" data-element_type=\"widget\" data-widget_type=\"divider.default\">\n\t\t\t\t<div class=\"elementor-widget-container\">\n\t\t\t\t\t\t\t<div class=\"elementor-divider\">\n\t\t\t<span class=\"elementor-divider-separator\">\n\t\t\t\t\t\t<\/span>\n\t\t<\/div>\n\t\t\t\t\t\t<\/div>\n\t\t\t\t<\/div>\n\t\t\t\t\t<\/div>\n\t\t\t\t<\/div>\n\t\t<div class=\"elementor-element elementor-element-4536b45 e-flex e-con-boxed e-con e-parent\" data-id=\"4536b45\" data-element_type=\"container\">\n\t\t\t\t\t<div class=\"e-con-inner\">\n\t\t\t\t<div class=\"elementor-element elementor-element-7f07ad9 elementor-widget elementor-widget-heading\" data-id=\"7f07ad9\" data-element_type=\"widget\" data-widget_type=\"heading.default\">\n\t\t\t\t<div class=\"elementor-widget-container\">\n\t\t\t\t\t<h2 class=\"elementor-heading-title elementor-size-default\">8. Comunicaciones electr\u00f3nicas<\/h2>\t\t\t\t<\/div>\n\t\t\t\t<\/div>\n\t\t\t\t<div class=\"elementor-element elementor-element-54afef4 elementor-widget elementor-widget-text-editor\" data-id=\"54afef4\" data-element_type=\"widget\" data-widget_type=\"text-editor.default\">\n\t\t\t\t<div class=\"elementor-widget-container\">\n\t\t\t\t\t\t\t\t\t<p>Al proporcionar sus datos, el usuario autoriza recibir correos electr\u00f3nicos, boletines y comunicaciones de la Corporaci\u00f3n. Puede solicitar su retiro en cualquier momento a trav\u00e9s del correo: <strong>contacto@mandalaquimbaya.org<\/strong>.<\/p>\t\t\t\t\t\t\t\t<\/div>\n\t\t\t\t<\/div>\n\t\t\t\t<div class=\"elementor-element elementor-element-d2c50c3 elementor-widget-divider--view-line elementor-widget elementor-widget-divider\" data-id=\"d2c50c3\" data-element_type=\"widget\" data-widget_type=\"divider.default\">\n\t\t\t\t<div class=\"elementor-widget-container\">\n\t\t\t\t\t\t\t<div class=\"elementor-divider\">\n\t\t\t<span class=\"elementor-divider-separator\">\n\t\t\t\t\t\t<\/span>\n\t\t<\/div>\n\t\t\t\t\t\t<\/div>\n\t\t\t\t<\/div>\n\t\t\t\t\t<\/div>\n\t\t\t\t<\/div>\n\t\t<div class=\"elementor-element elementor-element-442cab2 e-flex e-con-boxed e-con e-parent\" data-id=\"442cab2\" data-element_type=\"container\">\n\t\t\t\t\t<div class=\"e-con-inner\">\n\t\t\t\t<div class=\"elementor-element elementor-element-2cb7e1a elementor-widget elementor-widget-heading\" data-id=\"2cb7e1a\" data-element_type=\"widget\" data-widget_type=\"heading.default\">\n\t\t\t\t<div class=\"elementor-widget-container\">\n\t\t\t\t\t<h2 class=\"elementor-heading-title elementor-size-default\">9. Enlaces a terceros<\/h2>\t\t\t\t<\/div>\n\t\t\t\t<\/div>\n\t\t\t\t<div class=\"elementor-element elementor-element-25bf0e9 elementor-widget elementor-widget-text-editor\" data-id=\"25bf0e9\" data-element_type=\"widget\" data-widget_type=\"text-editor.default\">\n\t\t\t\t<div class=\"elementor-widget-container\">\n\t\t\t\t\t\t\t\t\t<p>El sitio puede contener v\u00ednculos a p\u00e1ginas externas. La Corporaci\u00f3n no se responsabiliza por su contenido ni pol\u00edticas de uso.<\/p>\t\t\t\t\t\t\t\t<\/div>\n\t\t\t\t<\/div>\n\t\t\t\t<div class=\"elementor-element elementor-element-e018b24 elementor-widget-divider--view-line elementor-widget elementor-widget-divider\" data-id=\"e018b24\" data-element_type=\"widget\" data-widget_type=\"divider.default\">\n\t\t\t\t<div class=\"elementor-widget-container\">\n\t\t\t\t\t\t\t<div class=\"elementor-divider\">\n\t\t\t<span class=\"elementor-divider-separator\">\n\t\t\t\t\t\t<\/span>\n\t\t<\/div>\n\t\t\t\t\t\t<\/div>\n\t\t\t\t<\/div>\n\t\t\t\t\t<\/div>\n\t\t\t\t<\/div>\n\t\t<div class=\"elementor-element elementor-element-01d5a7f e-flex e-con-boxed e-con e-parent\" data-id=\"01d5a7f\" data-element_type=\"container\">\n\t\t\t\t\t<div class=\"e-con-inner\">\n\t\t\t\t<div class=\"elementor-element elementor-element-dc46258 elementor-widget elementor-widget-heading\" data-id=\"dc46258\" data-element_type=\"widget\" data-widget_type=\"heading.default\">\n\t\t\t\t<div class=\"elementor-widget-container\">\n\t\t\t\t\t<h2 class=\"elementor-heading-title elementor-size-default\">10. Exclusi\u00f3n de garant\u00edas<\/h2>\t\t\t\t<\/div>\n\t\t\t\t<\/div>\n\t\t\t\t<div class=\"elementor-element elementor-element-9c41ee8 elementor-widget elementor-widget-text-editor\" data-id=\"9c41ee8\" data-element_type=\"widget\" data-widget_type=\"text-editor.default\">\n\t\t\t\t<div class=\"elementor-widget-container\">\n\t\t\t\t\t\t\t\t\t<p>El uso del sitio es bajo responsabilidad del usuario. La Corporaci\u00f3n no garantiza que est\u00e9 libre de errores o interrupciones, ni se hace responsable por da\u00f1os derivados del uso o imposibilidad de uso del mismo.<\/p>\t\t\t\t\t\t\t\t<\/div>\n\t\t\t\t<\/div>\n\t\t\t\t<div class=\"elementor-element elementor-element-91fe61a elementor-widget-divider--view-line elementor-widget elementor-widget-divider\" data-id=\"91fe61a\" data-element_type=\"widget\" data-widget_type=\"divider.default\">\n\t\t\t\t<div class=\"elementor-widget-container\">\n\t\t\t\t\t\t\t<div class=\"elementor-divider\">\n\t\t\t<span class=\"elementor-divider-separator\">\n\t\t\t\t\t\t<\/span>\n\t\t<\/div>\n\t\t\t\t\t\t<\/div>\n\t\t\t\t<\/div>\n\t\t\t\t\t<\/div>\n\t\t\t\t<\/div>\n\t\t<div class=\"elementor-element elementor-element-6cd7927 e-flex e-con-boxed e-con e-parent\" data-id=\"6cd7927\" data-element_type=\"container\">\n\t\t\t\t\t<div class=\"e-con-inner\">\n\t\t\t\t<div class=\"elementor-element elementor-element-61fea99 elementor-widget elementor-widget-heading\" data-id=\"61fea99\" data-element_type=\"widget\" data-widget_type=\"heading.default\">\n\t\t\t\t<div class=\"elementor-widget-container\">\n\t\t\t\t\t<h2 class=\"elementor-heading-title elementor-size-default\">11. Jurisdicci\u00f3n y legislaci\u00f3n aplicable<\/h2>\t\t\t\t<\/div>\n\t\t\t\t<\/div>\n\t\t\t\t<div class=\"elementor-element elementor-element-ff4cc5e elementor-widget elementor-widget-text-editor\" data-id=\"ff4cc5e\" data-element_type=\"widget\" data-widget_type=\"text-editor.default\">\n\t\t\t\t<div class=\"elementor-widget-container\">\n\t\t\t\t\t\t\t\t\t<p>Estos t\u00e9rminos se rigen por la legislaci\u00f3n de la Rep\u00fablica de Colombia. Cualquier controversia se resolver\u00e1 ante los jueces competentes del municipio de Quimbaya, Quind\u00edo.<\/p>\t\t\t\t\t\t\t\t<\/div>\n\t\t\t\t<\/div>\n\t\t\t\t<div class=\"elementor-element elementor-element-0660d33 elementor-widget-divider--view-line elementor-widget elementor-widget-divider\" data-id=\"0660d33\" data-element_type=\"widget\" data-widget_type=\"divider.default\">\n\t\t\t\t<div class=\"elementor-widget-container\">\n\t\t\t\t\t\t\t<div class=\"elementor-divider\">\n\t\t\t<span class=\"elementor-divider-separator\">\n\t\t\t\t\t\t<\/span>\n\t\t<\/div>\n\t\t\t\t\t\t<\/div>\n\t\t\t\t<\/div>\n\t\t\t\t\t<\/div>\n\t\t\t\t<\/div>\n\t\t<div class=\"elementor-element elementor-element-96839ce e-flex e-con-boxed e-con e-parent\" data-id=\"96839ce\" data-element_type=\"container\">\n\t\t\t\t\t<div class=\"e-con-inner\">\n\t\t\t\t<div class=\"elementor-element elementor-element-75292e0 elementor-widget elementor-widget-heading\" data-id=\"75292e0\" data-element_type=\"widget\" data-widget_type=\"heading.default\">\n\t\t\t\t<div class=\"elementor-widget-container\">\n\t\t\t\t\t<h2 class=\"elementor-heading-title elementor-size-default\">12. Modificaciones<\/h2>\t\t\t\t<\/div>\n\t\t\t\t<\/div>\n\t\t\t\t<div class=\"elementor-element elementor-element-efb6981 elementor-widget elementor-widget-text-editor\" data-id=\"efb6981\" data-element_type=\"widget\" data-widget_type=\"text-editor.default\">\n\t\t\t\t<div class=\"elementor-widget-container\">\n\t\t\t\t\t\t\t\t\t<p>La Corporaci\u00f3n se reserva el derecho de modificar estos t\u00e9rminos en cualquier momento. La \u00faltima versi\u00f3n estar\u00e1 disponible en el sitio web, y el uso posterior implicar\u00e1 su aceptaci\u00f3n.<\/p>\t\t\t\t\t\t\t\t<\/div>\n\t\t\t\t<\/div>\n\t\t\t\t<div class=\"elementor-element elementor-element-8208083 elementor-widget-divider--view-line elementor-widget elementor-widget-divider\" data-id=\"8208083\" data-element_type=\"widget\" data-widget_type=\"divider.default\">\n\t\t\t\t<div class=\"elementor-widget-container\">\n\t\t\t\t\t\t\t<div class=\"elementor-divider\">\n\t\t\t<span class=\"elementor-divider-separator\">\n\t\t\t\t\t\t<\/span>\n\t\t<\/div>\n\t\t\t\t\t\t<\/div>\n\t\t\t\t<\/div>\n\t\t\t\t\t<\/div>\n\t\t\t\t<\/div>\n\t\t<div class=\"elementor-element elementor-element-fd362e4 e-flex e-con-boxed e-con e-parent\" data-id=\"fd362e4\" data-element_type=\"container\">\n\t\t\t\t\t<div class=\"e-con-inner\">\n\t\t\t\t<div class=\"elementor-element elementor-element-86802fb elementor-widget elementor-widget-heading\" data-id=\"86802fb\" data-element_type=\"widget\" data-widget_type=\"heading.default\">\n\t\t\t\t<div class=\"elementor-widget-container\">\n\t\t\t\t\t<h2 class=\"elementor-heading-title elementor-size-default\">13. Contacto<\/h2>\t\t\t\t<\/div>\n\t\t\t\t<\/div>\n\t\t\t\t<div class=\"elementor-element elementor-element-eae9092 elementor-widget elementor-widget-text-editor\" data-id=\"eae9092\" data-element_type=\"widget\" data-widget_type=\"text-editor.default\">\n\t\t\t\t<div class=\"elementor-widget-container\">\n\t\t\t\t\t\t\t\t\t<p><strong>contacto@mandalaquimbaya.org<\/strong><br \/><strong>Quimbaya, Quind\u00edo \u2013 Colombia<\/strong><\/p>\t\t\t\t\t\t\t\t<\/div>\n\t\t\t\t<\/div>\n\t\t\t\t\t<\/div>\n\t\t\t\t<\/div>\n\t\t\t\t<\/div>\n\t\t","protected":false},"excerpt":{"rendered":"<p>T\u00c9RMINOS Y CONDICIONES DE USO Fecha de entrada en vigencia: Abril 2025 Este documento regula el acceso y uso del sitio web de la Corporaci\u00f3n Mandala Quimbaya (en adelante, \u201cla Corporaci\u00f3n\u201d), entidad sin \u00e1nimo de lucro con NIT 900.666.661-1, domiciliada en Quimbaya, Quind\u00edo, Colombia. Al acceder a este sitio web y utilizar cualquiera de sus [&hellip;]<\/p>\n","protected":false},"author":1,"featured_media":0,"parent":0,"menu_order":0,"comment_status":"closed","ping_status":"closed","template":"elementor_header_footer","meta":{"_monsterinsights_skip_tracking":false,"_monsterinsights_sitenote_active":false,"_monsterinsights_sitenote_note":"","_monsterinsights_sitenote_category":0,"footnotes":""},"class_list":["post-2406","page","type-page","status-publish","hentry"],"blocksy_meta":[],"_links":{"self":[{"href":"https:\/\/mandalaquimbaya.org\/index.php\/wp-json\/wp\/v2\/pages\/2406","targetHints":{"allow":["GET"]}}],"collection":[{"href":"https:\/\/mandalaquimbaya.org\/index.php\/wp-json\/wp\/v2\/pages"}],"about":[{"href":"https:\/\/mandalaquimbaya.org\/index.php\/wp-json\/wp\/v2\/types\/page"}],"author":[{"embeddable":true,"href":"https:\/\/mandalaquimbaya.org\/index.php\/wp-json\/wp\/v2\/users\/1"}],"replies":[{"embeddable":true,"href":"https:\/\/mandalaquimbaya.org\/index.php\/wp-json\/wp\/v2\/comments?post=2406"}],"version-history":[{"count":16,"href":"https:\/\/mandalaquimbaya.org\/index.php\/wp-json\/wp\/v2\/pages\/2406\/revisions"}],"predecessor-version":[{"id":2424,"href":"https:\/\/mandalaquimbaya.org\/index.php\/wp-json\/wp\/v2\/pages\/2406\/revisions\/2424"}],"wp:attachment":[{"href":"https:\/\/mandalaquimbaya.org\/index.php\/wp-json\/wp\/v2\/media?parent=2406"}],"curies":[{"name":"wp","href":"https:\/\/api.w.org\/{rel}","templated":true}]}}