{"id":2141,"date":"2025-04-16T18:13:07","date_gmt":"2025-04-16T18:13:07","guid":{"rendered":"https:\/\/mandalaquimbaya.org\/?page_id=2141"},"modified":"2025-04-16T22:09:07","modified_gmt":"2025-04-16T22:09:07","slug":"politica-de","status":"publish","type":"page","link":"https:\/\/mandalaquimbaya.org\/index.php\/politica-de\/","title":{"rendered":"Pol\u00edtica de tratamiento de datos"},"content":{"rendered":"\t\t<div data-elementor-type=\"wp-page\" data-elementor-id=\"2141\" class=\"elementor elementor-2141\" data-elementor-post-type=\"page\">\n\t\t\t\t<div class=\"elementor-element elementor-element-c01fa5e e-flex e-con-boxed e-con e-parent\" data-id=\"c01fa5e\" data-element_type=\"container\">\n\t\t\t\t\t<div class=\"e-con-inner\">\n\t\t<div class=\"elementor-element elementor-element-2c33849 e-con-full e-flex e-con e-child\" data-id=\"2c33849\" data-element_type=\"container\">\n\t\t\t\t<div class=\"elementor-element elementor-element-ca7e7a4 elementor-widget elementor-widget-heading\" data-id=\"ca7e7a4\" data-element_type=\"widget\" data-widget_type=\"heading.default\">\n\t\t\t\t<div class=\"elementor-widget-container\">\n\t\t\t\t\t<h2 class=\"elementor-heading-title elementor-size-default\">POL\u00cdTICA DE TRATAMIENTO DE DATOS PERSONALES<\/h2>\t\t\t\t<\/div>\n\t\t\t\t<\/div>\n\t\t\t\t<div class=\"elementor-element elementor-element-5b8a7cf elementor-widget elementor-widget-text-editor\" data-id=\"5b8a7cf\" data-element_type=\"widget\" data-widget_type=\"text-editor.default\">\n\t\t\t\t<div class=\"elementor-widget-container\">\n\t\t\t\t\t\t\t\t\t<p><strong>Corporaci\u00f3n Mandala Quimbaya<\/strong><\/p><p><strong>Fecha de entrada en vigencia: Abril de 2025<\/strong><\/p><p>La <strong>Corporaci\u00f3n Mandala Quimbaya<\/strong>, identificada con NIT 900.666.661-1, con domicilio en Quimbaya, Quind\u00edo \u2013 Colombia, en su calidad de responsable del tratamiento de datos personales, informa que garantiza la protecci\u00f3n de la privacidad y los derechos de los titulares de los datos, conforme a la Ley 1581 de 2012, el Decreto 1377 de 2013 y dem\u00e1s normas aplicables.<\/p>\t\t\t\t\t\t\t\t<\/div>\n\t\t\t\t<\/div>\n\t\t\t\t<\/div>\n\t\t<div class=\"elementor-element elementor-element-1c739de e-con-full e-flex e-con e-child\" data-id=\"1c739de\" data-element_type=\"container\">\n\t\t\t\t<div class=\"elementor-element elementor-element-5ad007e elementor-widget elementor-widget-image\" data-id=\"5ad007e\" data-element_type=\"widget\" data-widget_type=\"image.default\">\n\t\t\t\t<div class=\"elementor-widget-container\">\n\t\t\t\t\t\t\t\t\t\t\t\t\t\t\t<img fetchpriority=\"high\" decoding=\"async\" width=\"372\" height=\"400\" src=\"https:\/\/mandalaquimbaya.org\/wp-content\/uploads\/2025\/04\/datosRecurso-1.png\" class=\"attachment-full size-full wp-image-2318\" alt=\"\" srcset=\"https:\/\/mandalaquimbaya.org\/wp-content\/uploads\/2025\/04\/datosRecurso-1.png 372w, https:\/\/mandalaquimbaya.org\/wp-content\/uploads\/2025\/04\/datosRecurso-1-279x300.png 279w\" sizes=\"(max-width: 372px) 100vw, 372px\" \/>\t\t\t\t\t\t\t\t\t\t\t\t\t\t\t<\/div>\n\t\t\t\t<\/div>\n\t\t\t\t<\/div>\n\t\t\t\t\t<\/div>\n\t\t\t\t<\/div>\n\t\t<div class=\"elementor-element elementor-element-32fd99b e-flex e-con-boxed e-con e-parent\" data-id=\"32fd99b\" data-element_type=\"container\">\n\t\t\t\t\t<div class=\"e-con-inner\">\n\t\t\t\t<div class=\"elementor-element elementor-element-725985e elementor-widget elementor-widget-heading\" data-id=\"725985e\" data-element_type=\"widget\" data-widget_type=\"heading.default\">\n\t\t\t\t<div class=\"elementor-widget-container\">\n\t\t\t\t\t<h2 class=\"elementor-heading-title elementor-size-default\">1. Definiciones<\/h2>\t\t\t\t<\/div>\n\t\t\t\t<\/div>\n\t\t\t\t<div class=\"elementor-element elementor-element-a162821 elementor-widget elementor-widget-text-editor\" data-id=\"a162821\" data-element_type=\"widget\" data-widget_type=\"text-editor.default\">\n\t\t\t\t<div class=\"elementor-widget-container\">\n\t\t\t\t\t\t\t\t\t<ul><li><strong>Dato personal<\/strong>: Informaci\u00f3n vinculada o que pueda asociarse a una persona natural determinada o determinable.<\/li><li><strong>Titular<\/strong>: Persona natural cuyos datos son objeto de tratamiento.<\/li><li><strong>Tratamiento<\/strong>: Cualquier operaci\u00f3n sobre datos personales, como recolecci\u00f3n, almacenamiento, uso, circulaci\u00f3n o supresi\u00f3n.<\/li><li><strong>Responsable del tratamiento<\/strong>: Persona que decide sobre la finalidad y contenido del tratamiento.<\/li><li><strong>Dato sensible<\/strong>: Informaci\u00f3n que afecta la intimidad del titular (ej. orientaci\u00f3n pol\u00edtica, salud, religi\u00f3n).<\/li><li><strong>Autorizaci\u00f3n<\/strong>: Consentimiento previo, informado y expreso del titular para llevar a cabo el tratamiento.<\/li><\/ul>\t\t\t\t\t\t\t\t<\/div>\n\t\t\t\t<\/div>\n\t\t\t\t<div class=\"elementor-element elementor-element-95c98ec elementor-widget-divider--view-line elementor-widget elementor-widget-divider\" data-id=\"95c98ec\" data-element_type=\"widget\" data-widget_type=\"divider.default\">\n\t\t\t\t<div class=\"elementor-widget-container\">\n\t\t\t\t\t\t\t<div class=\"elementor-divider\">\n\t\t\t<span class=\"elementor-divider-separator\">\n\t\t\t\t\t\t<\/span>\n\t\t<\/div>\n\t\t\t\t\t\t<\/div>\n\t\t\t\t<\/div>\n\t\t\t\t\t<\/div>\n\t\t\t\t<\/div>\n\t\t<div class=\"elementor-element elementor-element-c12714e e-flex e-con-boxed e-con e-parent\" data-id=\"c12714e\" data-element_type=\"container\">\n\t\t\t\t\t<div class=\"e-con-inner\">\n\t\t\t\t<div class=\"elementor-element elementor-element-999712c elementor-widget elementor-widget-heading\" data-id=\"999712c\" data-element_type=\"widget\" data-widget_type=\"heading.default\">\n\t\t\t\t<div class=\"elementor-widget-container\">\n\t\t\t\t\t<h2 class=\"elementor-heading-title elementor-size-default\">2. Finalidad del tratamiento<\/h2>\t\t\t\t<\/div>\n\t\t\t\t<\/div>\n\t\t\t\t<div class=\"elementor-element elementor-element-5fa9211 elementor-widget elementor-widget-text-editor\" data-id=\"5fa9211\" data-element_type=\"widget\" data-widget_type=\"text-editor.default\">\n\t\t\t\t<div class=\"elementor-widget-container\">\n\t\t\t\t\t\t\t\t\t<p>Los datos personales ser\u00e1n recolectados para:<\/p><ul><li>Gestionar relaciones con usuarios, voluntarios, donantes, facilitadores y aliados.<\/li><li>Difundir informaci\u00f3n sobre actividades, productos, talleres, capacitaciones y campa\u00f1as institucionales.<\/li><li>Procesar solicitudes, compras, inscripciones o aportes econ\u00f3micos.<\/li><li>Cumplir con obligaciones legales o contractuales.<\/li><li>Realizar estudios, reportes e informes sobre nuestras actividades educativas y comunitarias.<\/li><\/ul>\t\t\t\t\t\t\t\t<\/div>\n\t\t\t\t<\/div>\n\t\t\t\t<div class=\"elementor-element elementor-element-27b7b62 elementor-widget-divider--view-line elementor-widget elementor-widget-divider\" data-id=\"27b7b62\" data-element_type=\"widget\" data-widget_type=\"divider.default\">\n\t\t\t\t<div class=\"elementor-widget-container\">\n\t\t\t\t\t\t\t<div class=\"elementor-divider\">\n\t\t\t<span class=\"elementor-divider-separator\">\n\t\t\t\t\t\t<\/span>\n\t\t<\/div>\n\t\t\t\t\t\t<\/div>\n\t\t\t\t<\/div>\n\t\t\t\t\t<\/div>\n\t\t\t\t<\/div>\n\t\t<div class=\"elementor-element elementor-element-7229a6a e-flex e-con-boxed e-con e-parent\" data-id=\"7229a6a\" data-element_type=\"container\">\n\t\t\t\t\t<div class=\"e-con-inner\">\n\t\t\t\t<div class=\"elementor-element elementor-element-cdc3149 elementor-widget elementor-widget-heading\" data-id=\"cdc3149\" data-element_type=\"widget\" data-widget_type=\"heading.default\">\n\t\t\t\t<div class=\"elementor-widget-container\">\n\t\t\t\t\t<h2 class=\"elementor-heading-title elementor-size-default\">3. Derechos de los titulares<\/h2>\t\t\t\t<\/div>\n\t\t\t\t<\/div>\n\t\t\t\t<div class=\"elementor-element elementor-element-bd29919 elementor-widget elementor-widget-text-editor\" data-id=\"bd29919\" data-element_type=\"widget\" data-widget_type=\"text-editor.default\">\n\t\t\t\t<div class=\"elementor-widget-container\">\n\t\t\t\t\t\t\t\t\t<p>De acuerdo con la ley, los titulares tienen derecho a:<\/p><ul><li>Conocer, actualizar y rectificar sus datos personales.<\/li><li>Solicitar prueba de la autorizaci\u00f3n otorgada.<\/li><li>Ser informados sobre el uso de sus datos.<\/li><li>Revocar la autorizaci\u00f3n o solicitar la supresi\u00f3n de sus datos cuando se infrinjan sus derechos.<\/li><li>Acceder gratuitamente a sus datos tratados por la Corporaci\u00f3n.<\/li><\/ul>\t\t\t\t\t\t\t\t<\/div>\n\t\t\t\t<\/div>\n\t\t\t\t<div class=\"elementor-element elementor-element-44e8fec elementor-widget-divider--view-line elementor-widget elementor-widget-divider\" data-id=\"44e8fec\" data-element_type=\"widget\" data-widget_type=\"divider.default\">\n\t\t\t\t<div class=\"elementor-widget-container\">\n\t\t\t\t\t\t\t<div class=\"elementor-divider\">\n\t\t\t<span class=\"elementor-divider-separator\">\n\t\t\t\t\t\t<\/span>\n\t\t<\/div>\n\t\t\t\t\t\t<\/div>\n\t\t\t\t<\/div>\n\t\t\t\t\t<\/div>\n\t\t\t\t<\/div>\n\t\t<div class=\"elementor-element elementor-element-b6e33e2 e-flex e-con-boxed e-con e-parent\" data-id=\"b6e33e2\" data-element_type=\"container\">\n\t\t\t\t\t<div class=\"e-con-inner\">\n\t\t\t\t<div class=\"elementor-element elementor-element-0dbec06 elementor-widget elementor-widget-heading\" data-id=\"0dbec06\" data-element_type=\"widget\" data-widget_type=\"heading.default\">\n\t\t\t\t<div class=\"elementor-widget-container\">\n\t\t\t\t\t<h2 class=\"elementor-heading-title elementor-size-default\">4. Procedimiento para ejercer derechos<\/h2>\t\t\t\t<\/div>\n\t\t\t\t<\/div>\n\t\t\t\t<div class=\"elementor-element elementor-element-1da3154 elementor-widget elementor-widget-text-editor\" data-id=\"1da3154\" data-element_type=\"widget\" data-widget_type=\"text-editor.default\">\n\t\t\t\t<div class=\"elementor-widget-container\">\n\t\t\t\t\t\t\t\t\t<p>Para ejercer cualquiera de estos derechos, el titular puede comunicarse a trav\u00e9s de los siguientes medios:<\/p><p><strong>contacto@mandalaquimbaya.org<br \/><\/strong>Direcci\u00f3n: Quimbaya, Quind\u00edo \u2013 Colombia<br \/>Tel\u00e9fono: (+57 ) 305 444 6715<\/p><p>Los requerimientos ser\u00e1n atendidos en un plazo m\u00e1ximo de 15 d\u00edas h\u00e1biles.<\/p>\t\t\t\t\t\t\t\t<\/div>\n\t\t\t\t<\/div>\n\t\t\t\t<div class=\"elementor-element elementor-element-b127ffd elementor-widget-divider--view-line elementor-widget elementor-widget-divider\" data-id=\"b127ffd\" data-element_type=\"widget\" data-widget_type=\"divider.default\">\n\t\t\t\t<div class=\"elementor-widget-container\">\n\t\t\t\t\t\t\t<div class=\"elementor-divider\">\n\t\t\t<span class=\"elementor-divider-separator\">\n\t\t\t\t\t\t<\/span>\n\t\t<\/div>\n\t\t\t\t\t\t<\/div>\n\t\t\t\t<\/div>\n\t\t\t\t\t<\/div>\n\t\t\t\t<\/div>\n\t\t<div class=\"elementor-element elementor-element-b23f3cb e-flex e-con-boxed e-con e-parent\" data-id=\"b23f3cb\" data-element_type=\"container\">\n\t\t\t\t\t<div class=\"e-con-inner\">\n\t\t\t\t<div class=\"elementor-element elementor-element-80d2a5c elementor-widget elementor-widget-heading\" data-id=\"80d2a5c\" data-element_type=\"widget\" data-widget_type=\"heading.default\">\n\t\t\t\t<div class=\"elementor-widget-container\">\n\t\t\t\t\t<h2 class=\"elementor-heading-title elementor-size-default\">5. Datos sensibles y de menores<\/h2>\t\t\t\t<\/div>\n\t\t\t\t<\/div>\n\t\t\t\t<div class=\"elementor-element elementor-element-a021d9c elementor-widget elementor-widget-text-editor\" data-id=\"a021d9c\" data-element_type=\"widget\" data-widget_type=\"text-editor.default\">\n\t\t\t\t<div class=\"elementor-widget-container\">\n\t\t\t\t\t\t\t\t\t<p>La Corporaci\u00f3n no recolectar\u00e1 datos sensibles salvo cuando sea indispensable y con el consentimiento expl\u00edcito del titular. En caso de tratar datos de menores, se requerir\u00e1 autorizaci\u00f3n de sus representantes legales, y el tratamiento se ajustar\u00e1 a la protecci\u00f3n de sus derechos fundamentales.<\/p>\t\t\t\t\t\t\t\t<\/div>\n\t\t\t\t<\/div>\n\t\t\t\t<div class=\"elementor-element elementor-element-caf9831 elementor-widget-divider--view-line elementor-widget elementor-widget-divider\" data-id=\"caf9831\" data-element_type=\"widget\" data-widget_type=\"divider.default\">\n\t\t\t\t<div class=\"elementor-widget-container\">\n\t\t\t\t\t\t\t<div class=\"elementor-divider\">\n\t\t\t<span class=\"elementor-divider-separator\">\n\t\t\t\t\t\t<\/span>\n\t\t<\/div>\n\t\t\t\t\t\t<\/div>\n\t\t\t\t<\/div>\n\t\t\t\t\t<\/div>\n\t\t\t\t<\/div>\n\t\t<div class=\"elementor-element elementor-element-13b7066 e-flex e-con-boxed e-con e-parent\" data-id=\"13b7066\" data-element_type=\"container\">\n\t\t\t\t\t<div class=\"e-con-inner\">\n\t\t\t\t<div class=\"elementor-element elementor-element-11eb382 elementor-widget elementor-widget-heading\" data-id=\"11eb382\" data-element_type=\"widget\" data-widget_type=\"heading.default\">\n\t\t\t\t<div class=\"elementor-widget-container\">\n\t\t\t\t\t<h2 class=\"elementor-heading-title elementor-size-default\">6. Conservaci\u00f3n de los datos<\/h2>\t\t\t\t<\/div>\n\t\t\t\t<\/div>\n\t\t\t\t<div class=\"elementor-element elementor-element-c81848b elementor-widget elementor-widget-text-editor\" data-id=\"c81848b\" data-element_type=\"widget\" data-widget_type=\"text-editor.default\">\n\t\t\t\t<div class=\"elementor-widget-container\">\n\t\t\t\t\t\t\t\t\t<p>Los datos ser\u00e1n conservados solo por el tiempo necesario para cumplir la finalidad del tratamiento o por requerimiento legal.<\/p>\t\t\t\t\t\t\t\t<\/div>\n\t\t\t\t<\/div>\n\t\t\t\t<div class=\"elementor-element elementor-element-c9ab4e4 elementor-widget-divider--view-line elementor-widget elementor-widget-divider\" data-id=\"c9ab4e4\" data-element_type=\"widget\" data-widget_type=\"divider.default\">\n\t\t\t\t<div class=\"elementor-widget-container\">\n\t\t\t\t\t\t\t<div class=\"elementor-divider\">\n\t\t\t<span class=\"elementor-divider-separator\">\n\t\t\t\t\t\t<\/span>\n\t\t<\/div>\n\t\t\t\t\t\t<\/div>\n\t\t\t\t<\/div>\n\t\t\t\t\t<\/div>\n\t\t\t\t<\/div>\n\t\t<div class=\"elementor-element elementor-element-80a2cb1 e-flex e-con-boxed e-con e-parent\" data-id=\"80a2cb1\" data-element_type=\"container\">\n\t\t\t\t\t<div class=\"e-con-inner\">\n\t\t\t\t<div class=\"elementor-element elementor-element-50ad9d8 elementor-widget elementor-widget-heading\" data-id=\"50ad9d8\" data-element_type=\"widget\" data-widget_type=\"heading.default\">\n\t\t\t\t<div class=\"elementor-widget-container\">\n\t\t\t\t\t<h2 class=\"elementor-heading-title elementor-size-default\">7. Transferencia y transmisi\u00f3n internacional<\/h2>\t\t\t\t<\/div>\n\t\t\t\t<\/div>\n\t\t\t\t<div class=\"elementor-element elementor-element-49e8bad elementor-widget elementor-widget-text-editor\" data-id=\"49e8bad\" data-element_type=\"widget\" data-widget_type=\"text-editor.default\">\n\t\t\t\t<div class=\"elementor-widget-container\">\n\t\t\t\t\t\t\t\t\t<p>Los datos podr\u00e1n ser almacenados o gestionados por terceros proveedores tecnol\u00f3gicos con servidores fuera de Colombia (por ejemplo, Google, Mailchimp, plataformas de env\u00edo de correos o almacenamiento). En tal caso, se tomar\u00e1n todas las medidas necesarias para garantizar su seguridad.<\/p>\t\t\t\t\t\t\t\t<\/div>\n\t\t\t\t<\/div>\n\t\t\t\t<div class=\"elementor-element elementor-element-4b3fac8 elementor-widget-divider--view-line elementor-widget elementor-widget-divider\" data-id=\"4b3fac8\" data-element_type=\"widget\" data-widget_type=\"divider.default\">\n\t\t\t\t<div class=\"elementor-widget-container\">\n\t\t\t\t\t\t\t<div class=\"elementor-divider\">\n\t\t\t<span class=\"elementor-divider-separator\">\n\t\t\t\t\t\t<\/span>\n\t\t<\/div>\n\t\t\t\t\t\t<\/div>\n\t\t\t\t<\/div>\n\t\t\t\t\t<\/div>\n\t\t\t\t<\/div>\n\t\t<div class=\"elementor-element elementor-element-4536b45 e-flex e-con-boxed e-con e-parent\" data-id=\"4536b45\" data-element_type=\"container\">\n\t\t\t\t\t<div class=\"e-con-inner\">\n\t\t\t\t<div class=\"elementor-element elementor-element-7f07ad9 elementor-widget elementor-widget-heading\" data-id=\"7f07ad9\" data-element_type=\"widget\" data-widget_type=\"heading.default\">\n\t\t\t\t<div class=\"elementor-widget-container\">\n\t\t\t\t\t<h2 class=\"elementor-heading-title elementor-size-default\">8. Modificaciones<\/h2>\t\t\t\t<\/div>\n\t\t\t\t<\/div>\n\t\t\t\t<div class=\"elementor-element elementor-element-54afef4 elementor-widget elementor-widget-text-editor\" data-id=\"54afef4\" data-element_type=\"widget\" data-widget_type=\"text-editor.default\">\n\t\t\t\t<div class=\"elementor-widget-container\">\n\t\t\t\t\t\t\t\t\t<p>Esta pol\u00edtica podr\u00e1 ser actualizada en cualquier momento. La nueva versi\u00f3n estar\u00e1 disponible en nuestro sitio web. Se recomienda su consulta peri\u00f3dica.<\/p>\t\t\t\t\t\t\t\t<\/div>\n\t\t\t\t<\/div>\n\t\t\t\t<div class=\"elementor-element elementor-element-d2c50c3 elementor-widget-divider--view-line elementor-widget elementor-widget-divider\" data-id=\"d2c50c3\" data-element_type=\"widget\" data-widget_type=\"divider.default\">\n\t\t\t\t<div class=\"elementor-widget-container\">\n\t\t\t\t\t\t\t<div class=\"elementor-divider\">\n\t\t\t<span class=\"elementor-divider-separator\">\n\t\t\t\t\t\t<\/span>\n\t\t<\/div>\n\t\t\t\t\t\t<\/div>\n\t\t\t\t<\/div>\n\t\t\t\t\t<\/div>\n\t\t\t\t<\/div>\n\t\t<div class=\"elementor-element elementor-element-442cab2 e-flex e-con-boxed e-con e-parent\" data-id=\"442cab2\" data-element_type=\"container\">\n\t\t\t\t\t<div class=\"e-con-inner\">\n\t\t\t\t<div class=\"elementor-element elementor-element-2cb7e1a elementor-widget elementor-widget-heading\" data-id=\"2cb7e1a\" data-element_type=\"widget\" data-widget_type=\"heading.default\">\n\t\t\t\t<div class=\"elementor-widget-container\">\n\t\t\t\t\t<h2 class=\"elementor-heading-title elementor-size-default\">9. Aceptaci\u00f3n<\/h2>\t\t\t\t<\/div>\n\t\t\t\t<\/div>\n\t\t\t\t<div class=\"elementor-element elementor-element-25bf0e9 elementor-widget elementor-widget-text-editor\" data-id=\"25bf0e9\" data-element_type=\"widget\" data-widget_type=\"text-editor.default\">\n\t\t\t\t<div class=\"elementor-widget-container\">\n\t\t\t\t\t\t\t\t\t<p>El uso del sitio web y la entrega voluntaria de datos a trav\u00e9s de cualquier medio implican la aceptaci\u00f3n de esta pol\u00edtica.<\/p>\t\t\t\t\t\t\t\t<\/div>\n\t\t\t\t<\/div>\n\t\t\t\t\t<\/div>\n\t\t\t\t<\/div>\n\t\t\t\t<\/div>\n\t\t","protected":false},"excerpt":{"rendered":"<p>POL\u00cdTICA DE TRATAMIENTO DE DATOS PERSONALES Corporaci\u00f3n Mandala Quimbaya Fecha de entrada en vigencia: Abril de 2025 La Corporaci\u00f3n Mandala Quimbaya, identificada con NIT 900.666.661-1, con domicilio en Quimbaya, Quind\u00edo \u2013 Colombia, en su calidad de responsable del tratamiento de datos personales, informa que garantiza la protecci\u00f3n de la privacidad y los derechos de los [&hellip;]<\/p>\n","protected":false},"author":1,"featured_media":0,"parent":0,"menu_order":0,"comment_status":"closed","ping_status":"closed","template":"elementor_header_footer","meta":{"_monsterinsights_skip_tracking":false,"_monsterinsights_sitenote_active":false,"_monsterinsights_sitenote_note":"","_monsterinsights_sitenote_category":0,"footnotes":""},"class_list":["post-2141","page","type-page","status-publish","hentry"],"blocksy_meta":[],"_links":{"self":[{"href":"https:\/\/mandalaquimbaya.org\/index.php\/wp-json\/wp\/v2\/pages\/2141","targetHints":{"allow":["GET"]}}],"collection":[{"href":"https:\/\/mandalaquimbaya.org\/index.php\/wp-json\/wp\/v2\/pages"}],"about":[{"href":"https:\/\/mandalaquimbaya.org\/index.php\/wp-json\/wp\/v2\/types\/page"}],"author":[{"embeddable":true,"href":"https:\/\/mandalaquimbaya.org\/index.php\/wp-json\/wp\/v2\/users\/1"}],"replies":[{"embeddable":true,"href":"https:\/\/mandalaquimbaya.org\/index.php\/wp-json\/wp\/v2\/comments?post=2141"}],"version-history":[{"count":65,"href":"https:\/\/mandalaquimbaya.org\/index.php\/wp-json\/wp\/v2\/pages\/2141\/revisions"}],"predecessor-version":[{"id":2368,"href":"https:\/\/mandalaquimbaya.org\/index.php\/wp-json\/wp\/v2\/pages\/2141\/revisions\/2368"}],"wp:attachment":[{"href":"https:\/\/mandalaquimbaya.org\/index.php\/wp-json\/wp\/v2\/media?parent=2141"}],"curies":[{"name":"wp","href":"https:\/\/api.w.org\/{rel}","templated":true}]}}